{"id":4518,"date":"2025-05-09T23:53:32","date_gmt":"2025-05-09T23:53:32","guid":{"rendered":"https:\/\/levessa.shop\/product\/womens-sleepwear-7\/"},"modified":"2025-05-09T23:54:07","modified_gmt":"2025-05-09T23:54:07","slug":"womens-sleepwear-7","status":"publish","type":"product","link":"https:\/\/levessa.shop\/en\/product\/womens-sleepwear-7\/","title":{"rendered":"Women&#8217;s Sleepwear"},"content":{"rendered":"<p>Hinweis: Verkauf nur in Deutschland lokaler Versand. \u00dcber diesen Artikel (Wir m\u00f6chten Ihnen genaue Produktinformationen zeigen) 1.Bitte beachten Sie die Gr\u00f6\u00dfenreferenz, um die richtige Gr\u00f6\u00dfe zu finden. 2.There kann ein geringf\u00fcgiger Farbunterschied Ursache des Lichtschie\u00dfens sein. 3.Bitte erlauben Sie 1-3cm Unterschied aufgrund der manuellen Messung. Danke f\u00fcr Ihr Verst\u00e4ndnis. Pflegehinweise: Vor dem Tragen waschen Kalt schonende Maschinenw\u00e4sche<\/p>\n<p> <img decoding=\"async\" src=\"https:\/\/cf.cjdropshipping.com\/7702378c-6031-46b6-8bcc-199a3ca8b5b9.jpg\"> <img decoding=\"async\" src=\"https:\/\/cf.cjdropshipping.com\/cd480ecf-c716-4ff6-a6f1-03252c5298c9.jpg\"> <img decoding=\"async\" src=\"https:\/\/cf.cjdropshipping.com\/a2bb0b4e-6756-4d42-a9e9-91f21dd02c39.jpg\"> <img decoding=\"async\" src=\"https:\/\/cf.cjdropshipping.com\/efa5a036-9f8f-4b6a-8eb7-655394e033a7.jpg\"> <img decoding=\"async\" src=\"https:\/\/cf.cjdropshipping.com\/5dc87275-13e5-4c32-acbd-b85f0b3bed5d.jpg\"> <img decoding=\"async\" src=\"https:\/\/cf.cjdropshipping.com\/28df234f-ddf4-4f73-8b80-73aa376ecea2.jpg\"> <img decoding=\"async\" src=\"https:\/\/cf.cjdropshipping.com\/67df86a1-a2a6-4d71-a353-f937cd2c744c.jpg\"> <img decoding=\"async\" src=\"https:\/\/cf.cjdropshipping.com\/10f47771-164b-4bf4-8876-2c2d6b4da2ca.jpg\"> <img decoding=\"async\" src=\"https:\/\/cf.cjdropshipping.com\/fbc763b6-92e2-4edd-92c4-e02c37912aa4.jpg\"> <img decoding=\"async\" src=\"https:\/\/cf.cjdropshipping.com\/d958880b-b2fe-4ce7-9c95-3605d67aee5c.jpg\"> <img decoding=\"async\" src=\"https:\/\/cf.cjdropshipping.com\/254d1afa-77e4-4e22-9c85-6e3799ee3887.jpg\"> <\/p>","protected":false},"excerpt":{"rendered":"<p>Hinweis: Verkauf nur in Deutschland lokaler Versand. \u00dcber diesen Artikel (Wir m\u00f6chten Ihnen genaue Produktinformationen zeigen) 1.Bitte beachten Sie die Gr\u00f6\u00dfenreferenz, um die richtige Gr\u00f6\u00dfe zu finden. 2.There kann ein&hellip;<\/p>","protected":false},"featured_media":4508,"comment_status":"open","ping_status":"closed","template":"","meta":{"_kadence_starter_templates_imported_post":false},"product_brand":[],"product_cat":[80],"product_tag":[],"class_list":{"0":"post-4518","1":"product","2":"type-product","3":"status-publish","4":"has-post-thumbnail","6":"product_cat-lingerie-nightwear-for-her","8":"first","9":"instock","10":"shipping-taxable","11":"purchasable","12":"product-type-variable"},"aioseo_notices":[],"_links":{"self":[{"href":"https:\/\/levessa.shop\/en\/wp-json\/wp\/v2\/product\/4518","targetHints":{"allow":["GET"]}}],"collection":[{"href":"https:\/\/levessa.shop\/en\/wp-json\/wp\/v2\/product"}],"about":[{"href":"https:\/\/levessa.shop\/en\/wp-json\/wp\/v2\/types\/product"}],"replies":[{"embeddable":true,"href":"https:\/\/levessa.shop\/en\/wp-json\/wp\/v2\/comments?post=4518"}],"wp:featuredmedia":[{"embeddable":true,"href":"https:\/\/levessa.shop\/en\/wp-json\/wp\/v2\/media\/4508"}],"wp:attachment":[{"href":"https:\/\/levessa.shop\/en\/wp-json\/wp\/v2\/media?parent=4518"}],"wp:term":[{"taxonomy":"product_brand","embeddable":true,"href":"https:\/\/levessa.shop\/en\/wp-json\/wp\/v2\/product_brand?post=4518"},{"taxonomy":"product_cat","embeddable":true,"href":"https:\/\/levessa.shop\/en\/wp-json\/wp\/v2\/product_cat?post=4518"},{"taxonomy":"product_tag","embeddable":true,"href":"https:\/\/levessa.shop\/en\/wp-json\/wp\/v2\/product_tag?post=4518"}],"curies":[{"name":"wp","href":"https:\/\/api.w.org\/{rel}","templated":true}]}}