{"id":4370,"date":"2025-05-09T23:48:20","date_gmt":"2025-05-09T23:48:20","guid":{"rendered":"https:\/\/levessa.shop\/product\/womens-coats-4\/"},"modified":"2025-05-09T23:49:31","modified_gmt":"2025-05-09T23:49:31","slug":"womens-coats-4","status":"publish","type":"product","link":"https:\/\/levessa.shop\/en\/product\/womens-coats-4\/","title":{"rendered":"Women&#8217;s Coats"},"content":{"rendered":"<ul>\n<li>\n<h4>Product attributes:<\/h4>\n<p> <\/p>\n<ul>\n<li>Type:Coat<\/li>\n<li>Outer Shell Material:Polyester<\/li>\n<li>Style:Overcoat<\/li>\n<li>Brand:Unbranded<\/li>\n<li>Department:Women<\/li>\n<li>Estimated Shipping Time:2 days<\/li>\n<\/ul>\n<h4>Product description:<\/h4>\n<p> <\/p>\n<p> Hinweis: Verkauf nur in Deutschland lokaler Versand. \u00dcber diesen Artikel (Wir m\u00f6chten Ihnen genaue Produktinformationen zeigen) 1.Bitte beachten Sie die Gr\u00f6\u00dfenreferenz, um die richtige Gr\u00f6\u00dfe zu finden. 2.There kann ein geringf\u00fcgiger Farbunterschied Ursache des Lichtschie\u00dfens sein. 3.Bitte erlauben Sie 1-3cm Unterschied aufgrund der manuellen Messung. Danke f\u00fcr Ihr Verst\u00e4ndnis. Pflegehinweise: Vor dem Tragen waschen Kalt schonende Maschinenw\u00e4sche <img decoding=\"async\" src=\"https:\/\/cf.cjdropshipping.com\/5e95c48f-e68d-43b4-80f5-1917bcce2f07.png\"> <img decoding=\"async\" src=\"https:\/\/cf.cjdropshipping.com\/06014515-8a66-44df-ae11-9be22776c4d2.png\"> <\/p>\n<p> <img decoding=\"async\" src=\"https:\/\/cf.cjdropshipping.com\/d2c4274e-f23d-4648-9ce5-a0d7bcf2bc47.png\"> <img decoding=\"async\" src=\"https:\/\/cf.cjdropshipping.com\/31056dde-20b1-4d79-ab1f-c5974c049ab1.png\"> <img decoding=\"async\" src=\"https:\/\/cf.cjdropshipping.com\/edd6b933-181b-4b85-87f6-f6a0d1efffad.png\"> <img decoding=\"async\" src=\"https:\/\/cf.cjdropshipping.com\/4e447f48-b81e-4d08-8c4d-6c58fb7f8925.png\"> <img decoding=\"async\" src=\"https:\/\/cf.cjdropshipping.com\/92c14ea5-02a4-434d-908d-d17040ba1e8e.png\"> <img decoding=\"async\" src=\"https:\/\/cf.cjdropshipping.com\/a32e9dd4-21e4-4662-ac88-f89bb3b7b3bf.png\"> <img decoding=\"async\" src=\"https:\/\/cf.cjdropshipping.com\/12754dcc-823e-45a4-8696-81b61a865995.png\"> <img decoding=\"async\" src=\"https:\/\/cf.cjdropshipping.com\/fafb871a-40e7-4802-a1a0-92e66ee299cf.png\"> <img decoding=\"async\" src=\"https:\/\/cf.cjdropshipping.com\/fbb8791b-93af-479f-884c-25053f54b096.png\"> <img decoding=\"async\" src=\"https:\/\/cf.cjdropshipping.com\/a8ffb1ee-defe-44cf-b6ad-b5faa3997509.png\"> <img decoding=\"async\" src=\"https:\/\/cf.cjdropshipping.com\/c6c677be-faa3-474f-9c7d-3208d463e8a9.png\"> <img decoding=\"async\" src=\"https:\/\/cf.cjdropshipping.com\/7d4c8071-eb55-4a3b-9f35-58add5e50511.png\"> <img decoding=\"async\" src=\"https:\/\/cf.cjdropshipping.com\/b5bd607d-c35c-4bf2-a3d8-53520b23b92e.png\"> <img decoding=\"async\" src=\"https:\/\/cf.cjdropshipping.com\/ca3a6d24-3420-4e58-a534-1502c2be593a.png\"> <img decoding=\"async\" src=\"https:\/\/cf.cjdropshipping.com\/c8689b95-6fe7-463b-ba14-dba18f044b4d.png\"> <\/li>\n<\/ul>","protected":false},"excerpt":{"rendered":"<p>Product attributes: Type:Coat Outer Shell Material:Polyester Style:Overcoat Brand:Unbranded Department:Women Estimated Shipping Time:2 days Product description: Hinweis: Verkauf nur in Deutschland lokaler Versand. \u00dcber diesen Artikel (Wir m\u00f6chten Ihnen genaue Produktinformationen&hellip;<\/p>","protected":false},"featured_media":4360,"comment_status":"open","ping_status":"closed","template":"","meta":{"_kadence_starter_templates_imported_post":false},"product_brand":[],"product_cat":[76],"product_tag":[],"class_list":{"0":"post-4370","1":"product","2":"type-product","3":"status-publish","4":"has-post-thumbnail","6":"product_cat-evryday","8":"first","9":"instock","10":"shipping-taxable","11":"purchasable","12":"product-type-variable"},"aioseo_notices":[],"_links":{"self":[{"href":"https:\/\/levessa.shop\/en\/wp-json\/wp\/v2\/product\/4370","targetHints":{"allow":["GET"]}}],"collection":[{"href":"https:\/\/levessa.shop\/en\/wp-json\/wp\/v2\/product"}],"about":[{"href":"https:\/\/levessa.shop\/en\/wp-json\/wp\/v2\/types\/product"}],"replies":[{"embeddable":true,"href":"https:\/\/levessa.shop\/en\/wp-json\/wp\/v2\/comments?post=4370"}],"wp:featuredmedia":[{"embeddable":true,"href":"https:\/\/levessa.shop\/en\/wp-json\/wp\/v2\/media\/4360"}],"wp:attachment":[{"href":"https:\/\/levessa.shop\/en\/wp-json\/wp\/v2\/media?parent=4370"}],"wp:term":[{"taxonomy":"product_brand","embeddable":true,"href":"https:\/\/levessa.shop\/en\/wp-json\/wp\/v2\/product_brand?post=4370"},{"taxonomy":"product_cat","embeddable":true,"href":"https:\/\/levessa.shop\/en\/wp-json\/wp\/v2\/product_cat?post=4370"},{"taxonomy":"product_tag","embeddable":true,"href":"https:\/\/levessa.shop\/en\/wp-json\/wp\/v2\/product_tag?post=4370"}],"curies":[{"name":"wp","href":"https:\/\/api.w.org\/{rel}","templated":true}]}}