{"id":3624,"date":"2025-05-09T20:28:26","date_gmt":"2025-05-09T20:28:26","guid":{"rendered":"https:\/\/levessa.shop\/product\/womens-dress\/"},"modified":"2025-05-09T23:30:35","modified_gmt":"2025-05-09T23:30:35","slug":"womens-dress","status":"publish","type":"product","link":"https:\/\/levessa.shop\/en\/product\/womens-dress\/","title":{"rendered":"Women&#8217;s Dress"},"content":{"rendered":"<ul>\n<li>\n<h4>Product attributes:<\/h4>\n<p> <\/p>\n<ul>\n<li>Brand:Unbranded<\/li>\n<li>Dress Length:Long<\/li>\n<li>Department:Women<\/li>\n<li>Style:A-Line<\/li>\n<li>Estimated Shipping Time:2 days<\/li>\n<\/ul>\n<h4>Product description:<\/h4>\n<p> <\/p>\n<p> Hinweis: Verkauf nur in Deutschland lokaler Versand. \u00dcber diesen Artikel (Wir m\u00f6chten Ihnen genaue Produktinformationen zeigen) 1.Bitte beachten Sie die Gr\u00f6\u00dfenreferenz, um die richtige Gr\u00f6\u00dfe zu finden. 2.There kann ein geringf\u00fcgiger Farbunterschied Ursache des Lichtschie\u00dfens sein. 3.Bitte erlauben Sie 1-3cm Unterschied aufgrund der manuellen Messung. Danke f\u00fcr Ihr Verst\u00e4ndnis. Pflegehinweise: Vor dem Tragen waschen Kalt schonende Maschinenw\u00e4sche <img decoding=\"async\" src=\"https:\/\/cf.cjdropshipping.com\/eb5734c1-bbde-4d1d-9cb1-be3fb83194e6.png\"> <img decoding=\"async\" src=\"https:\/\/cf.cjdropshipping.com\/07fe6062-76ac-49da-9013-aedb2f4e4d74.png\"> <\/p>\n<p> <img decoding=\"async\" src=\"https:\/\/cf.cjdropshipping.com\/c4207033-cf44-48f7-a138-09cce995caaa.png\"> <img decoding=\"async\" src=\"https:\/\/cf.cjdropshipping.com\/bc642fda-b4d4-43a6-8122-b5d5b8d9d1aa.png\"> <img decoding=\"async\" src=\"https:\/\/cf.cjdropshipping.com\/a78af629-736c-4db2-b67b-9324a41f08c0.png\"> <img decoding=\"async\" src=\"https:\/\/cf.cjdropshipping.com\/4e0c2cb2-d78a-48d5-bcda-c72171526fa2.png\"> <img decoding=\"async\" src=\"https:\/\/cf.cjdropshipping.com\/99197b9c-75f3-45a8-a82f-d83d52b618a5.png\"> <img decoding=\"async\" src=\"https:\/\/cf.cjdropshipping.com\/bcb25edf-6ddb-4ff0-b978-19cce3a30db6.png\"> <img decoding=\"async\" src=\"https:\/\/cf.cjdropshipping.com\/19898a6e-f8b2-49ff-8f20-e80e37d34c5b.png\"> <img decoding=\"async\" src=\"https:\/\/cf.cjdropshipping.com\/23cce4a7-bad6-45c4-a2e7-e51240bb6729.png\"> <img decoding=\"async\" src=\"https:\/\/cf.cjdropshipping.com\/972cfd68-8818-4015-8f62-5fb01e61d892.png\"> <img decoding=\"async\" src=\"https:\/\/cf.cjdropshipping.com\/0a5aad05-0cf9-4e48-87fc-a50d4ce4dff9.png\"> <img decoding=\"async\" src=\"https:\/\/cf.cjdropshipping.com\/88392f43-67d1-4c76-b733-f81c540b81bf.png\"> <img decoding=\"async\" src=\"https:\/\/cf.cjdropshipping.com\/191a0aee-c88f-4078-8fe6-22622072b2cf.png\"> <img decoding=\"async\" src=\"https:\/\/cf.cjdropshipping.com\/fb2b2659-edb6-4a36-815e-3de19ecf44e8.png\"> <\/li>\n<\/ul>","protected":false},"excerpt":{"rendered":"<p>Product attributes: Brand:Unbranded Dress Length:Long Department:Women Style:A-Line Estimated Shipping Time:2 days Product description: Hinweis: Verkauf nur in Deutschland lokaler Versand. \u00dcber diesen Artikel (Wir m\u00f6chten Ihnen genaue Produktinformationen zeigen) 1.Bitte&hellip;<\/p>","protected":false},"featured_media":3614,"comment_status":"open","ping_status":"closed","template":"","meta":{"_kadence_starter_templates_imported_post":false},"product_brand":[],"product_cat":[57,77],"product_tag":[],"class_list":{"0":"post-3624","1":"product","2":"type-product","3":"status-publish","4":"has-post-thumbnail","6":"product_cat-levessa-fashion","7":"product_cat-elegantw","9":"first","10":"instock","11":"shipping-taxable","12":"purchasable","13":"product-type-variable"},"aioseo_notices":[],"_links":{"self":[{"href":"https:\/\/levessa.shop\/en\/wp-json\/wp\/v2\/product\/3624","targetHints":{"allow":["GET"]}}],"collection":[{"href":"https:\/\/levessa.shop\/en\/wp-json\/wp\/v2\/product"}],"about":[{"href":"https:\/\/levessa.shop\/en\/wp-json\/wp\/v2\/types\/product"}],"replies":[{"embeddable":true,"href":"https:\/\/levessa.shop\/en\/wp-json\/wp\/v2\/comments?post=3624"}],"wp:featuredmedia":[{"embeddable":true,"href":"https:\/\/levessa.shop\/en\/wp-json\/wp\/v2\/media\/3614"}],"wp:attachment":[{"href":"https:\/\/levessa.shop\/en\/wp-json\/wp\/v2\/media?parent=3624"}],"wp:term":[{"taxonomy":"product_brand","embeddable":true,"href":"https:\/\/levessa.shop\/en\/wp-json\/wp\/v2\/product_brand?post=3624"},{"taxonomy":"product_cat","embeddable":true,"href":"https:\/\/levessa.shop\/en\/wp-json\/wp\/v2\/product_cat?post=3624"},{"taxonomy":"product_tag","embeddable":true,"href":"https:\/\/levessa.shop\/en\/wp-json\/wp\/v2\/product_tag?post=3624"}],"curies":[{"name":"wp","href":"https:\/\/api.w.org\/{rel}","templated":true}]}}