{"id":2994,"date":"2025-05-09T19:15:38","date_gmt":"2025-05-09T19:15:38","guid":{"rendered":"https:\/\/levessa.shop\/product\/fashion-snowflake-cropped-camouflage-jacquard-seamless-fitness-yoga-pants\/"},"modified":"2025-05-09T23:18:36","modified_gmt":"2025-05-09T23:18:36","slug":"fashion-snowflake-cropped-camouflage-jacquard-seamless-fitness-yoga-pants","status":"publish","type":"product","link":"https:\/\/levessa.shop\/en\/product\/fashion-snowflake-cropped-camouflage-jacquard-seamless-fitness-yoga-pants\/","title":{"rendered":"Fashion Snowflake Cropped Camouflage Jacquard Seamless Fitness Yoga Pants"},"content":{"rendered":"<p> <font style=\"vertical-align: inherit\"> <font style=\"vertical-align: inherit\">Informacje o produkcie: Materia\u0142: W\u0142\u00f3kno poliestrowe (poliester) Styl: Modny Cechy: Leginsy Kolory: Fioletowy, Czarny, R\u00f3\u017cowy, Karmazynowy, Jasnoniebieski, Jasnozielony, Khaki, Szary, Kr\u00f3lewski niebieski, Pomara\u0144czowy<\/font> <\/font> <\/p>\n<p> <font style=\"vertical-align: inherit\"> <font style=\"vertical-align: inherit\">Informacje o rozmiarze: Dost\u0119pne rozmiary: XS, S, M, L<\/font> <\/font> <\/p>\n<p> <img decoding=\"async\" src=\"https:\/\/cf.cjdropshipping.com\/65122833-cdd7-404a-86a8-94033f60943d.jpg\"> <\/p>\n<p>Before Purchase: Please check the size chart carefully before buying. If you&#8217;re unsure about which size to choose, feel free to contact our customer service. As you know, different computers display colors differently, so the actual item&#8217;s color may slightly vary from the images shown below.<\/p>\n<p>Packing List: Leggings \u00d71<\/p>\n<\/p>\n<p>Product Image: Full Image:<\/p>\n<p> <img decoding=\"async\" src=\"https:\/\/cf.cjdropshipping.com\/5d9520c2-264e-4583-bdc0-e874b8ad9e90.jpg\"> <img decoding=\"async\" src=\"https:\/\/cf.cjdropshipping.com\/a87a48b9-05e3-4c89-a4bf-25e11f548127.jpg\"> <img decoding=\"async\" src=\"https:\/\/cf.cjdropshipping.com\/b89880fb-43d6-472c-a6f0-2213d6d3c6db.jpg\"> <img decoding=\"async\" src=\"https:\/\/cf.cjdropshipping.com\/a2b88385-4703-4927-9043-49a1ace98dcd.jpg\"> <img decoding=\"async\" src=\"https:\/\/cf.cjdropshipping.com\/c582f5d8-d287-4973-9d54-c5c034074b09.jpg\"> <img decoding=\"async\" src=\"https:\/\/cf.cjdropshipping.com\/e52c0125-cdc1-4d08-9c1f-b61c81455e86.jpg\"> <img decoding=\"async\" src=\"https:\/\/cf.cjdropshipping.com\/aa5d5f28-02bb-4f70-8b5a-32de742d8b93.jpg\"> <img decoding=\"async\" src=\"https:\/\/cf.cjdropshipping.com\/5deb5f56-8484-434a-a7e2-d1d2abdcd03a.jpg\"> <img decoding=\"async\" src=\"https:\/\/cf.cjdropshipping.com\/51e0479a-c4b2-44ab-8a03-ebbe8c750aaa.jpg\"> <img decoding=\"async\" src=\"https:\/\/cf.cjdropshipping.com\/b882ed99-9e48-462e-a4ef-b720f01ba6bf.jpg\"> <\/p>\n<p> <font style=\"vertical-align: inherit\"> <font style=\"vertical-align: inherit\">Szczeg\u00f3\u0142owy obraz:<\/font> <\/font> <\/p>\n<p> <img decoding=\"async\" src=\"https:\/\/cf.cjdropshipping.com\/603586c2-e13d-4de2-b316-b186795160e6.jpg\"> <img decoding=\"async\" src=\"https:\/\/cf.cjdropshipping.com\/20775304-850d-4b02-85bf-5a07d90974e6.jpg\">  <\/p>\n<p> <\/p>","protected":false},"excerpt":{"rendered":"<p>Informacje o produkcie: Materia\u0142: W\u0142\u00f3kno poliestrowe (poliester) Styl: Modny Cechy: Leginsy Kolory: Fioletowy, Czarny, R\u00f3\u017cowy, Karmazynowy, Jasnoniebieski, Jasnozielony, Khaki, Szary, Kr\u00f3lewski niebieski, Pomara\u0144czowy Informacje o rozmiarze: Dost\u0119pne rozmiary: XS, S,&hellip;<\/p>","protected":false},"featured_media":2984,"comment_status":"open","ping_status":"closed","template":"","meta":{"_kadence_starter_templates_imported_post":false},"product_brand":[],"product_cat":[78,57],"product_tag":[],"class_list":{"0":"post-2994","1":"product","2":"type-product","3":"status-publish","4":"has-post-thumbnail","6":"product_cat-sport","7":"product_cat-levessa-fashion","9":"first","10":"instock","11":"shipping-taxable","12":"purchasable","13":"product-type-variable"},"aioseo_notices":[],"_links":{"self":[{"href":"https:\/\/levessa.shop\/en\/wp-json\/wp\/v2\/product\/2994","targetHints":{"allow":["GET"]}}],"collection":[{"href":"https:\/\/levessa.shop\/en\/wp-json\/wp\/v2\/product"}],"about":[{"href":"https:\/\/levessa.shop\/en\/wp-json\/wp\/v2\/types\/product"}],"replies":[{"embeddable":true,"href":"https:\/\/levessa.shop\/en\/wp-json\/wp\/v2\/comments?post=2994"}],"wp:featuredmedia":[{"embeddable":true,"href":"https:\/\/levessa.shop\/en\/wp-json\/wp\/v2\/media\/2984"}],"wp:attachment":[{"href":"https:\/\/levessa.shop\/en\/wp-json\/wp\/v2\/media?parent=2994"}],"wp:term":[{"taxonomy":"product_brand","embeddable":true,"href":"https:\/\/levessa.shop\/en\/wp-json\/wp\/v2\/product_brand?post=2994"},{"taxonomy":"product_cat","embeddable":true,"href":"https:\/\/levessa.shop\/en\/wp-json\/wp\/v2\/product_cat?post=2994"},{"taxonomy":"product_tag","embeddable":true,"href":"https:\/\/levessa.shop\/en\/wp-json\/wp\/v2\/product_tag?post=2994"}],"curies":[{"name":"wp","href":"https:\/\/api.w.org\/{rel}","templated":true}]}}