{"id":2599,"date":"2025-05-09T18:58:07","date_gmt":"2025-05-09T18:58:07","guid":{"rendered":"https:\/\/levessa.shop\/product\/cartoon-clothing-baby-boy-summer-clothes-t-shirt-baby-girl-casual-clothing-sets\/"},"modified":"2025-05-09T23:19:53","modified_gmt":"2025-05-09T23:19:53","slug":"cartoon-clothing-baby-boy-summer-clothes-t-shirt-baby-girl-casual-clothing-sets","status":"publish","type":"product","link":"https:\/\/levessa.shop\/en\/product\/cartoon-clothing-baby-boy-summer-clothes-t-shirt-baby-girl-casual-clothing-sets\/","title":{"rendered":"Cartoon Clothing Baby Boy Summer Clothes T-shirt Baby Girl Casual Clothing Sets"},"content":{"rendered":"<p>Overview: Comfortable and soft. Make your child look extra cute. Perfect for daily wear or photography sessions.<\/p>\n<p> <font style=\"vertical-align: inherit\"> <font style=\"vertical-align: inherit\">Dane techniczne: P\u0142e\u0107: M\u0119\u017cczyzna\/Kobieta Odpowiedni wiek: Niemowl\u0119ta i ma\u0142e dzieci (1\u20133 lata, 80\u2013100 cm) Typ ko\u0142nierzyka: Okr\u0105g\u0142y dekolt Technologia obr\u00f3bki materia\u0142u: Mi\u0119kkie wyko\u0144czenie Grubo\u015b\u0107: Cienka Wzory: Zwierz\u0119cy, Paski, Kratka, Jednolity kolor, Kresk\u00f3wka, Awatar, Nadruk liter, Kamufla\u017c, Kwiatowy, Abstrakcyjny, Groszki Materia\u0142: Bawe\u0142na Odpowiedni wzrost: 80 cm, 90 cm, 100 cm, 110 cm, 120 cm<\/font> <\/font> <\/p>\n<p> <\/p>\n<table>\n<colgroup>\n<col>\n<col>\n<col>\n <\/colgroup>\n<tbody>\n<tr>\n<td> <font style=\"vertical-align: inherit\"> <font style=\"vertical-align: inherit\">Rozmiar<\/font> <\/font> <\/td>\n<td> <font style=\"vertical-align: inherit\"> <font style=\"vertical-align: inherit\">73<\/font> <\/font> <\/td>\n<td> <font style=\"vertical-align: inherit\"> <font style=\"vertical-align: inherit\">80<\/font> <\/font> <\/td>\n<td> <font style=\"vertical-align: inherit\"> <font style=\"vertical-align: inherit\">90<\/font> <\/font> <\/td>\n<td> <font style=\"vertical-align: inherit\"> <font style=\"vertical-align: inherit\">100<\/font> <\/font> <\/td>\n<td> <font style=\"vertical-align: inherit\"> <font style=\"vertical-align: inherit\">110<\/font> <\/font> <\/td>\n<\/tr>\n<tr>\n<td> <font style=\"vertical-align: inherit\"> <font style=\"vertical-align: inherit\">D\u0142ugo\u015b\u0107<\/font> <\/font> <\/td>\n<td> <font style=\"vertical-align: inherit\"> <font style=\"vertical-align: inherit\">34<\/font> <\/font> <\/td>\n<td> <font style=\"vertical-align: inherit\"> <font style=\"vertical-align: inherit\">36<\/font> <\/font> <\/td>\n<td> <font style=\"vertical-align: inherit\"> <font style=\"vertical-align: inherit\">39<\/font> <\/font> <\/td>\n<td> <font style=\"vertical-align: inherit\"> <font style=\"vertical-align: inherit\">42<\/font> <\/font> <\/td>\n<td> <font style=\"vertical-align: inherit\"> <font style=\"vertical-align: inherit\">45<\/font> <\/font> <\/td>\n<\/tr>\n<tr>\n<td> <font style=\"vertical-align: inherit\"> <font style=\"vertical-align: inherit\">Biust<\/font> <\/font> <\/td>\n<td> <font style=\"vertical-align: inherit\"> <font style=\"vertical-align: inherit\">56<\/font> <\/font> <\/td>\n<td> <font style=\"vertical-align: inherit\"> <font style=\"vertical-align: inherit\">58<\/font> <\/font> <\/td>\n<td> <font style=\"vertical-align: inherit\"> <font style=\"vertical-align: inherit\">60<\/font> <\/font> <\/td>\n<td> <font style=\"vertical-align: inherit\"> <font style=\"vertical-align: inherit\">62<\/font> <\/font> <\/td>\n<td> <font style=\"vertical-align: inherit\"> <font style=\"vertical-align: inherit\">64<\/font> <\/font> <\/td>\n<\/tr>\n<tr>\n<td> <font style=\"vertical-align: inherit\"> <font style=\"vertical-align: inherit\">&nbsp; Szeroko\u015b\u0107 ramion<\/font> <\/font> <\/td>\n<td> <font style=\"vertical-align: inherit\"> <font style=\"vertical-align: inherit\">20<\/font> <\/font> <\/td>\n<td> <font style=\"vertical-align: inherit\"> <font style=\"vertical-align: inherit\">21<\/font> <\/font> <\/td>\n<td> <font style=\"vertical-align: inherit\"> <font style=\"vertical-align: inherit\">22<\/font> <\/font> <\/td>\n<td> <font style=\"vertical-align: inherit\"> <font style=\"vertical-align: inherit\">23<\/font> <\/font> <\/td>\n<td> <font style=\"vertical-align: inherit\"> <font style=\"vertical-align: inherit\">24<\/font> <\/font> <\/td>\n<\/tr>\n<tr>\n<td> <font style=\"vertical-align: inherit\"> <font style=\"vertical-align: inherit\">D\u0142ugo\u015b\u0107 r\u0119kawa&nbsp;<\/font> <\/font> <\/td>\n<td> <font style=\"vertical-align: inherit\"> <font style=\"vertical-align: inherit\">10<\/font> <\/font> <\/td>\n<td> <font style=\"vertical-align: inherit\"> <font style=\"vertical-align: inherit\">11<\/font> <\/font> <\/td>\n<td> <font style=\"vertical-align: inherit\"> <font style=\"vertical-align: inherit\">12<\/font> <\/font> <\/td>\n<td> <font style=\"vertical-align: inherit\"> <font style=\"vertical-align: inherit\">13<\/font> <\/font> <\/td>\n<td> <font style=\"vertical-align: inherit\"> <font style=\"vertical-align: inherit\">13,5<\/font> <\/font> <\/td>\n<\/tr>\n<tr>\n<td> <font style=\"vertical-align: inherit\"> <font style=\"vertical-align: inherit\">D\u0142ugo\u015b\u0107 spodni<\/font> <\/font> <\/td>\n<td> <font style=\"vertical-align: inherit\"> <font style=\"vertical-align: inherit\">26<\/font> <\/font> <\/td>\n<td> <font style=\"vertical-align: inherit\"> <font style=\"vertical-align: inherit\">27,5<\/font> <\/font> <\/td>\n<td> <font style=\"vertical-align: inherit\"> <font style=\"vertical-align: inherit\">28,5<\/font> <\/font> <\/td>\n<td> <font style=\"vertical-align: inherit\"> <font style=\"vertical-align: inherit\">29,5<\/font> <\/font> <\/td>\n<td> <font style=\"vertical-align: inherit\"> <font style=\"vertical-align: inherit\">31,5<\/font> <\/font> <\/td>\n<\/tr>\n<tr>\n<td> <font style=\"vertical-align: inherit\"> <font style=\"vertical-align: inherit\">wci\u0119cie w talii<\/font> <\/font> <\/td>\n<td> <font style=\"vertical-align: inherit\"> <font style=\"vertical-align: inherit\">56<\/font> <\/font> <\/td>\n<td> <font style=\"vertical-align: inherit\"> <font style=\"vertical-align: inherit\">58<\/font> <\/font> <\/td>\n<td> <font style=\"vertical-align: inherit\"> <font style=\"vertical-align: inherit\">60<\/font> <\/font> <\/td>\n<td> <font style=\"vertical-align: inherit\"> <font style=\"vertical-align: inherit\">62<\/font> <\/font> <\/td>\n<td> <font style=\"vertical-align: inherit\"> <font style=\"vertical-align: inherit\">64<\/font> <\/font> <\/td>\n<\/tr>\n<tr>\n<td><\/td>\n<td><\/td>\n<td><\/td>\n<td><\/td>\n<td><\/td>\n<td> <font style=\"vertical-align: inherit\"> <font style=\"vertical-align: inherit\">Jednostka: cm<\/font> <\/font> <\/td>\n<\/tr>\n<\/tbody>\n<\/table>\n<p> <\/p>\n<p> <\/p>\n<p>Before Purchase: Please check the size chart carefully before buying. If you&#8217;re unsure about which size to choose, feel free to contact our customer service. As you know, different computers display colors differently, so the actual item&#8217;s color may slightly vary from the images shown below.<\/p>\n<\/p>\n<p>Package Contents: 1 \u00d7 Cartoon Outfit<\/p>\n<p> <img decoding=\"async\" src=\"https:\/\/cf.cjdropshipping.com\/15676992\/2390361505092.png\">  <\/p>\n<p> <\/p>\n<p> <img decoding=\"async\" src=\"https:\/\/cf.cjdropshipping.com\/15676992\/3658719789420.png\">  <\/p>\n<p> <img decoding=\"async\" src=\"https:\/\/cf.cjdropshipping.com\/15676992\/1669774398612.png\"> <\/p>\n<p> <\/p>","protected":false},"excerpt":{"rendered":"<p>Overview: Comfortable and soft. Make your child look extra cute. Perfect for daily wear or photography sessions. Dane techniczne: P\u0142e\u0107: M\u0119\u017cczyzna\/Kobieta Odpowiedni wiek: Niemowl\u0119ta i ma\u0142e dzieci (1\u20133 lata, 80\u2013100&hellip;<\/p>","protected":false},"featured_media":2589,"comment_status":"open","ping_status":"closed","template":"","meta":{"_kadence_starter_templates_imported_post":false},"product_brand":[],"product_cat":[83,57],"product_tag":[],"class_list":{"0":"post-2599","1":"product","2":"type-product","3":"status-publish","4":"has-post-thumbnail","6":"product_cat-kids","7":"product_cat-levessa-fashion","9":"first","10":"instock","11":"shipping-taxable","12":"purchasable","13":"product-type-variable"},"aioseo_notices":[],"_links":{"self":[{"href":"https:\/\/levessa.shop\/en\/wp-json\/wp\/v2\/product\/2599","targetHints":{"allow":["GET"]}}],"collection":[{"href":"https:\/\/levessa.shop\/en\/wp-json\/wp\/v2\/product"}],"about":[{"href":"https:\/\/levessa.shop\/en\/wp-json\/wp\/v2\/types\/product"}],"replies":[{"embeddable":true,"href":"https:\/\/levessa.shop\/en\/wp-json\/wp\/v2\/comments?post=2599"}],"wp:featuredmedia":[{"embeddable":true,"href":"https:\/\/levessa.shop\/en\/wp-json\/wp\/v2\/media\/2589"}],"wp:attachment":[{"href":"https:\/\/levessa.shop\/en\/wp-json\/wp\/v2\/media?parent=2599"}],"wp:term":[{"taxonomy":"product_brand","embeddable":true,"href":"https:\/\/levessa.shop\/en\/wp-json\/wp\/v2\/product_brand?post=2599"},{"taxonomy":"product_cat","embeddable":true,"href":"https:\/\/levessa.shop\/en\/wp-json\/wp\/v2\/product_cat?post=2599"},{"taxonomy":"product_tag","embeddable":true,"href":"https:\/\/levessa.shop\/en\/wp-json\/wp\/v2\/product_tag?post=2599"}],"curies":[{"name":"wp","href":"https:\/\/api.w.org\/{rel}","templated":true}]}}