{"id":2127,"date":"2025-05-09T18:33:13","date_gmt":"2025-05-09T18:33:13","guid":{"rendered":"https:\/\/levessa.shop\/product\/gua-sha-scraper-facial-massager-face-lifting-slimming-led-light-microcurrent-skin-rejuvenation-electric-body-gouache-massage\/"},"modified":"2025-05-09T23:20:56","modified_gmt":"2025-05-09T23:20:56","slug":"gua-sha-scraper-facial-massager-face-lifting-slimming-led-light-microcurrent-skin-rejuvenation-electric-body-gouache-massage","status":"publish","type":"product","link":"https:\/\/levessa.shop\/en\/product\/gua-sha-scraper-facial-massager-face-lifting-slimming-led-light-microcurrent-skin-rejuvenation-electric-body-gouache-massage\/","title":{"rendered":"Gua Sha Scraper Facial Massager Face Lifting Slimming LED Light Microcurrent Skin Rejuvenation Electric Body Gouache Massage"},"content":{"rendered":"<p> <font style=\"vertical-align: inherit\"> <font style=\"vertical-align: inherit\">Przegl\u0105d: Elektryczne urz\u0105dzenie \u0142aduj\u0105ce \u0141\u0105czy tradycj\u0119 z zaawansowan\u0105 technologi\u0105 Wodoodporne i niezwykle wytrzyma\u0142e Nadaje si\u0119 do stosowania na g\u0142owie, twarzy, ko\u0144czynach, szyi, stopach i innych obszarach Aktywuje regeneracj\u0119 kom\u00f3rek, spowalniaj\u0105c proces starzenia Poprawia g\u0142adko\u015b\u0107 sk\u00f3ry i nier\u00f3wny koloryt Rozja\u015bnia bia\u0142e plamy i zwi\u0119ksza blask Wspomaga drena\u017c limfatyczny Pobudza kr\u0105\u017cenie krwi Wykonane z naturalnego rogu bawolego<\/font> <\/font> <\/p>\n<p> <font style=\"vertical-align: inherit\"> <font style=\"vertical-align: inherit\">Dane techniczne: Materia\u0142: Naturalny r\u00f3g bawolego roga D\u0142ugo\u015b\u0107: Ok. 10,5 cm Kszta\u0142t: \u0141y\u017ceczkowaty<\/font> <\/font> <\/p>\n<\/p>\n<p> <font style=\"vertical-align: inherit\"> <font style=\"vertical-align: inherit\">Zawarto\u015b\u0107 opakowania: 1 x Masa\u017cer do twarzy<\/font> <\/font> <\/p>\n<p> <img decoding=\"async\" alt=\"24\" src=\"https:\/\/cf.cjdropshipping.com\/17052768\/2401150216010329900.jpg\"> <img decoding=\"async\" alt=\"25\" src=\"https:\/\/cf.cjdropshipping.com\/17052768\/2401150216020320300.jpg\"> &nbsp; <img decoding=\"async\" alt=\"27\" src=\"https:\/\/cf.cjdropshipping.com\/17052768\/2401150216020320800.jpg\"> <img decoding=\"async\" alt=\"210\" src=\"https:\/\/cf.cjdropshipping.com\/17052768\/2401150216020321700.jpg\"> <\/p>\n<p> <\/p>","protected":false},"excerpt":{"rendered":"<p>Przegl\u0105d: Elektryczne urz\u0105dzenie \u0142aduj\u0105ce \u0141\u0105czy tradycj\u0119 z zaawansowan\u0105 technologi\u0105 Wodoodporne i niezwykle wytrzyma\u0142e Nadaje si\u0119 do stosowania na g\u0142owie, twarzy, ko\u0144czynach, szyi, stopach i innych obszarach Aktywuje regeneracj\u0119 kom\u00f3rek, spowalniaj\u0105c&hellip;<\/p>","protected":false},"featured_media":2122,"comment_status":"open","ping_status":"closed","template":"","meta":{"_kadence_starter_templates_imported_post":false},"product_brand":[],"product_cat":[42,79],"product_tag":[],"class_list":{"0":"post-2127","1":"product","2":"type-product","3":"status-publish","4":"has-post-thumbnail","6":"product_cat-technology","7":"product_cat-her-accessories","9":"first","10":"instock","11":"shipping-taxable","12":"purchasable","13":"product-type-variable"},"aioseo_notices":[],"_links":{"self":[{"href":"https:\/\/levessa.shop\/en\/wp-json\/wp\/v2\/product\/2127","targetHints":{"allow":["GET"]}}],"collection":[{"href":"https:\/\/levessa.shop\/en\/wp-json\/wp\/v2\/product"}],"about":[{"href":"https:\/\/levessa.shop\/en\/wp-json\/wp\/v2\/types\/product"}],"replies":[{"embeddable":true,"href":"https:\/\/levessa.shop\/en\/wp-json\/wp\/v2\/comments?post=2127"}],"wp:featuredmedia":[{"embeddable":true,"href":"https:\/\/levessa.shop\/en\/wp-json\/wp\/v2\/media\/2122"}],"wp:attachment":[{"href":"https:\/\/levessa.shop\/en\/wp-json\/wp\/v2\/media?parent=2127"}],"wp:term":[{"taxonomy":"product_brand","embeddable":true,"href":"https:\/\/levessa.shop\/en\/wp-json\/wp\/v2\/product_brand?post=2127"},{"taxonomy":"product_cat","embeddable":true,"href":"https:\/\/levessa.shop\/en\/wp-json\/wp\/v2\/product_cat?post=2127"},{"taxonomy":"product_tag","embeddable":true,"href":"https:\/\/levessa.shop\/en\/wp-json\/wp\/v2\/product_tag?post=2127"}],"curies":[{"name":"wp","href":"https:\/\/api.w.org\/{rel}","templated":true}]}}