{"id":10,"date":"2025-05-06T10:36:35","date_gmt":"2025-05-06T10:36:35","guid":{"rendered":"https:\/\/khaki-turkey-766660.hostingersite.com\/?post_type=product&#038;p=10"},"modified":"2025-05-09T12:16:01","modified_gmt":"2025-05-09T12:16:01","slug":"levessa-3d","status":"publish","type":"product","link":"https:\/\/levessa.shop\/en\/product\/levessa-3d\/","title":{"rendered":"Levessa\u2122 3D Face Lifter \u2013 Discover Levessa\u2122 3D Face Lifter \u2013 the luxury beauty tool that lifts and defines your facial contours."},"content":{"rendered":"<p><img fetchpriority=\"high\" decoding=\"async\" class=\"alignnone size-medium wp-image-45\" src=\"https:\/\/levessa.shop\/wp-content\/uploads\/2025\/05\/ChatGPT-Image-6-maj-2025-17_12_09-300x300.png\" alt=\"\" width=\"300\" height=\"300\" srcset=\"https:\/\/levessa.shop\/wp-content\/uploads\/2025\/05\/ChatGPT-Image-6-maj-2025-17_12_09-300x300.png 300w, https:\/\/levessa.shop\/wp-content\/uploads\/2025\/05\/ChatGPT-Image-6-maj-2025-17_12_09-100x100.png 100w, https:\/\/levessa.shop\/wp-content\/uploads\/2025\/05\/ChatGPT-Image-6-maj-2025-17_12_09-579x579.png 579w, https:\/\/levessa.shop\/wp-content\/uploads\/2025\/05\/ChatGPT-Image-6-maj-2025-17_12_09-150x150.png 150w, https:\/\/levessa.shop\/wp-content\/uploads\/2025\/05\/ChatGPT-Image-6-maj-2025-17_12_09-768x768.png 768w, https:\/\/levessa.shop\/wp-content\/uploads\/2025\/05\/ChatGPT-Image-6-maj-2025-17_12_09-12x12.png 12w, https:\/\/levessa.shop\/wp-content\/uploads\/2025\/05\/ChatGPT-Image-6-maj-2025-17_12_09.png 1024w\" sizes=\"(max-width: 300px) 100vw, 300px\" \/><img decoding=\"async\" class=\"alignnone size-medium wp-image-43\" src=\"https:\/\/levessa.shop\/wp-content\/uploads\/2025\/05\/masazer-300x300.webp\" alt=\"\" width=\"300\" height=\"300\" srcset=\"https:\/\/levessa.shop\/wp-content\/uploads\/2025\/05\/masazer-300x300.webp 300w, https:\/\/levessa.shop\/wp-content\/uploads\/2025\/05\/masazer-100x100.webp 100w, https:\/\/levessa.shop\/wp-content\/uploads\/2025\/05\/masazer-579x579.webp 579w, https:\/\/levessa.shop\/wp-content\/uploads\/2025\/05\/masazer-150x150.webp 150w, https:\/\/levessa.shop\/wp-content\/uploads\/2025\/05\/masazer-768x768.webp 768w, https:\/\/levessa.shop\/wp-content\/uploads\/2025\/05\/masazer-12x12.webp 12w, https:\/\/levessa.shop\/wp-content\/uploads\/2025\/05\/masazer.webp 800w\" sizes=\"(max-width: 300px) 100vw, 300px\" \/><\/p>\n<h3 data-start=\"127\" data-end=\"158\"><strong data-start=\"131\" data-end=\"158\"><span class=\"_fadeIn_pfttw_8\">Levessa\u2122 <\/span><span class=\"_fadeIn_pfttw_8\">3D <\/span><span class=\"_fadeIn_pfttw_8\">Face <\/span><span class=\"_fadeIn_pfttw_8\">Lifter<\/span><\/strong><\/h3>\n<p data-start=\"160\" data-end=\"206\"><strong data-start=\"160\" data-end=\"206\"><span class=\"_fadeIn_pfttw_8\">Reimagine <\/span><span class=\"_fadeIn_pfttw_8\">Your <\/span><span class=\"_fadeIn_pfttw_8\">Skin. <\/span><span class=\"_fadeIn_pfttw_8\">Rediscover <\/span><span class=\"_fadeIn_pfttw_8\">Your <\/span><span class=\"_fadeIn_pfttw_8\">Glow.<\/span><\/strong><\/p>\n<p data-start=\"208\" data-end=\"371\"><span class=\"_fadeIn_pfttw_8\">Elevate <\/span><span class=\"_fadeIn_pfttw_8\">your <\/span><span class=\"_fadeIn_pfttw_8\">skincare <\/span><span class=\"_fadeIn_pfttw_8\">routine <\/span><span class=\"_fadeIn_pfttw_8\">with <\/span><span class=\"_fadeIn_pfttw_8\">the <\/span><span class=\"_fadeIn_pfttw_8\">Levessa\u2122 <\/span><span class=\"_fadeIn_pfttw_8\">3D <\/span><span class=\"_fadeIn_pfttw_8\">Face <\/span><span class=\"_fadeIn_pfttw_8\">Lifter \u2013 <\/span><span class=\"_fadeIn_pfttw_8\">a <\/span><span class=\"_fadeIn_pfttw_8\">luxurious <\/span><span class=\"_fadeIn_pfttw_8\">facial <\/span><span class=\"_fadeIn_pfttw_8\">massage <\/span><span class=\"_fadeIn_pfttw_8\">tool <\/span><span class=\"_fadeIn_pfttw_8\">designed <\/span><span class=\"_fadeIn_pfttw_8\">to <\/span><span class=\"_fadeIn_pfttw_8\">lift, <\/span><span class=\"_fadeIn_pfttw_8\">sculpt, <\/span><span class=\"_fadeIn_pfttw_8\">and <\/span><span class=\"_fadeIn_pfttw_8\">energize <\/span><span class=\"_fadeIn_pfttw_8\">your <\/span><span class=\"_fadeIn_pfttw_8\">skin <\/span><span class=\"_fadeIn_pfttw_8\">with <\/span><span class=\"_fadeIn_pfttw_8\">every <\/span><span class=\"_fadeIn_pfttw_8\">glide.<\/span><\/p>\n<p data-start=\"373\" data-end=\"390\"><strong data-start=\"373\" data-end=\"390\"><span class=\"_fadeIn_pfttw_8\">Key <\/span><span class=\"_fadeIn_pfttw_8\">Benefits:<\/span><\/strong><\/p>\n<ul data-start=\"391\" data-end=\"650\">\n<li data-start=\"391\" data-end=\"431\">\n<p data-start=\"393\" data-end=\"431\"><strong data-start=\"393\" data-end=\"412\"><span class=\"_fadeIn_pfttw_8\">Lifts <\/span><span class=\"_fadeIn_pfttw_8\">and <\/span><span class=\"_fadeIn_pfttw_8\">firms<\/span><\/strong> <span class=\"_fadeIn_pfttw_8\">the <\/span><span class=\"_fadeIn_pfttw_8\">skin <\/span><span class=\"_fadeIn_pfttw_8\">naturally<\/span><\/p>\n<\/li>\n<li data-start=\"432\" data-end=\"484\">\n<p data-start=\"434\" data-end=\"484\"><strong data-start=\"434\" data-end=\"456\"><span class=\"_fadeIn_pfttw_8\">Boosts <\/span><span class=\"_fadeIn_pfttw_8\">circulation<\/span><\/strong> <span class=\"_fadeIn_pfttw_8\">for <\/span><span class=\"_fadeIn_pfttw_8\">a <\/span><span class=\"_fadeIn_pfttw_8\">radiant, <\/span><span class=\"_fadeIn_pfttw_8\">healthy <\/span><span class=\"_fadeIn_pfttw_8\">glow<\/span><\/p>\n<\/li>\n<li data-start=\"485\" data-end=\"536\">\n<p data-start=\"487\" data-end=\"536\"><strong data-start=\"487\" data-end=\"514\"><span class=\"_fadeIn_pfttw_8\">Relieves <\/span><span class=\"_fadeIn_pfttw_8\">facial <\/span><span class=\"_fadeIn_pfttw_8\">tension<\/span><\/strong> <span class=\"_fadeIn_pfttw_8\">and <\/span><span class=\"_fadeIn_pfttw_8\">reduces <\/span><span class=\"_fadeIn_pfttw_8\">puffiness<\/span><\/p>\n<\/li>\n<li data-start=\"537\" data-end=\"593\">\n<p data-start=\"539\" data-end=\"593\"><strong data-start=\"539\" data-end=\"562\"><span class=\"_fadeIn_pfttw_8\">Ergonomic <\/span><span class=\"_fadeIn_pfttw_8\">3D <\/span><span class=\"_fadeIn_pfttw_8\">roller<\/span><\/strong> <span class=\"_fadeIn_pfttw_8\">fits <\/span><span class=\"_fadeIn_pfttw_8\">facial <\/span><span class=\"_fadeIn_pfttw_8\">contours <\/span><span class=\"_fadeIn_pfttw_8\">perfectly<\/span><\/p>\n<\/li>\n<li data-start=\"594\" data-end=\"650\">\n<p data-start=\"596\" data-end=\"650\"><strong data-start=\"596\" data-end=\"623\"><span class=\"_fadeIn_pfttw_8\">Portable &amp; <\/span><span class=\"_fadeIn_pfttw_8\">battery-<\/span><span class=\"_fadeIn_pfttw_8\">free<\/span><\/strong><span class=\"_fadeIn_pfttw_8\"> \u2013 <\/span><span class=\"_fadeIn_pfttw_8\">use <\/span><span class=\"_fadeIn_pfttw_8\">it <\/span><span class=\"_fadeIn_pfttw_8\">anywhere, <\/span><span class=\"_fadeIn_pfttw_8\">anytime<\/span><\/p>\n<\/li>\n<\/ul>\n<p data-start=\"652\" data-end=\"829\"><span class=\"_fadeIn_pfttw_8\">Crafted <\/span><span class=\"_fadeIn_pfttw_8\">with <\/span><span class=\"_fadeIn_pfttw_8\">premium <\/span><span class=\"_fadeIn_pfttw_8\">materials <\/span><span class=\"_fadeIn_pfttw_8\">and <\/span><span class=\"_fadeIn_pfttw_8\">inspired <\/span><span class=\"_fadeIn_pfttw_8\">by <\/span><span class=\"_fadeIn_pfttw_8\">professional <\/span><span class=\"_fadeIn_pfttw_8\">spa <\/span><span class=\"_fadeIn_pfttw_8\">treatments, <\/span><span class=\"_fadeIn_pfttw_8\">the <\/span><span class=\"_fadeIn_pfttw_8\">Levessa\u2122 <\/span><span class=\"_fadeIn_pfttw_8\">3D <\/span><span class=\"_fadeIn_pfttw_8\">Face <\/span><span class=\"_fadeIn_pfttw_8\">Lifter <\/span><span class=\"_fadeIn_pfttw_8\">is <\/span><span class=\"_fadeIn_pfttw_8\">your <\/span><span class=\"_fadeIn_pfttw_8\">new <\/span><span class=\"_fadeIn_pfttw_8\">secret <\/span><span class=\"_fadeIn_pfttw_8\">to <\/span><span class=\"_fadeIn_pfttw_8\">youthful <\/span><span class=\"_fadeIn_pfttw_8\">skin \u2013 <\/span><span class=\"_fadeIn_pfttw_8\">elegant, <\/span><span class=\"_fadeIn_pfttw_8\">effective, <\/span><span class=\"_fadeIn_pfttw_8\">and <\/span><span class=\"_fadeIn_pfttw_8\">effortless.<\/span><\/p>\n<p data-start=\"831\" data-end=\"1012\"><strong data-start=\"831\" data-end=\"846\"><span class=\"_fadeIn_pfttw_8\">How <\/span><span class=\"_fadeIn_pfttw_8\">to <\/span><span class=\"_fadeIn_pfttw_8\">Use:<\/span><\/strong><br \/>\n<span class=\"_fadeIn_pfttw_8\">Use <\/span><span class=\"_fadeIn_pfttw_8\">for <\/span><span class=\"_fadeIn_pfttw_8\">5 <\/span><span class=\"_fadeIn_pfttw_8\">minutes <\/span><span class=\"_fadeIn_pfttw_8\">daily, <\/span><span class=\"_fadeIn_pfttw_8\">gently <\/span><span class=\"_fadeIn_pfttw_8\">massaging <\/span><span class=\"_fadeIn_pfttw_8\">upwards <\/span><span class=\"_fadeIn_pfttw_8\">and <\/span><span class=\"_fadeIn_pfttw_8\">outwards <\/span><span class=\"_fadeIn_pfttw_8\">on <\/span><span class=\"_fadeIn_pfttw_8\">the <\/span><span class=\"_fadeIn_pfttw_8\">cheeks, <\/span><span class=\"_fadeIn_pfttw_8\">jawline, <\/span><span class=\"_fadeIn_pfttw_8\">and <\/span><span class=\"_fadeIn_pfttw_8\">forehead. <\/span><span class=\"_fadeIn_pfttw_8\">For <\/span><span class=\"_fadeIn_pfttw_8\">best <\/span><span class=\"_fadeIn_pfttw_8\">results, <\/span><span class=\"_fadeIn_pfttw_8\">apply <\/span><span class=\"_fadeIn_pfttw_8\">with <\/span><span class=\"_fadeIn_pfttw_8\">your <\/span><span class=\"_fadeIn_pfttw_8\">favorite <\/span><span class=\"_fadeIn_pfttw_8\">serum <\/span><span class=\"_fadeIn_pfttw_8\">or <\/span><span class=\"_fadeIn_pfttw_8\">moisturizer.<\/span><\/p>","protected":false},"excerpt":{"rendered":"<p>Ekskluzywny masa\u017cer Levessa\u2122 to po\u0142\u0105czenie technologii i elegancji. Codzienny rytua\u0142 pi\u0119kna, kt\u00f3ry uj\u0119drnia sk\u00f3r\u0119, poprawia owal twarzy i relaksuje napi\u0119cia.<\/p>","protected":false},"featured_media":40,"comment_status":"open","ping_status":"closed","template":"","meta":{"_kadence_starter_templates_imported_post":false},"product_brand":[],"product_cat":[42],"product_tag":[],"class_list":{"0":"post-10","1":"product","2":"type-product","3":"status-publish","4":"has-post-thumbnail","6":"product_cat-technology","8":"first","9":"instock","10":"sale","11":"shipping-taxable","12":"purchasable","13":"product-type-simple"},"aioseo_notices":[],"_links":{"self":[{"href":"https:\/\/levessa.shop\/en\/wp-json\/wp\/v2\/product\/10","targetHints":{"allow":["GET"]}}],"collection":[{"href":"https:\/\/levessa.shop\/en\/wp-json\/wp\/v2\/product"}],"about":[{"href":"https:\/\/levessa.shop\/en\/wp-json\/wp\/v2\/types\/product"}],"replies":[{"embeddable":true,"href":"https:\/\/levessa.shop\/en\/wp-json\/wp\/v2\/comments?post=10"}],"wp:featuredmedia":[{"embeddable":true,"href":"https:\/\/levessa.shop\/en\/wp-json\/wp\/v2\/media\/40"}],"wp:attachment":[{"href":"https:\/\/levessa.shop\/en\/wp-json\/wp\/v2\/media?parent=10"}],"wp:term":[{"taxonomy":"product_brand","embeddable":true,"href":"https:\/\/levessa.shop\/en\/wp-json\/wp\/v2\/product_brand?post=10"},{"taxonomy":"product_cat","embeddable":true,"href":"https:\/\/levessa.shop\/en\/wp-json\/wp\/v2\/product_cat?post=10"},{"taxonomy":"product_tag","embeddable":true,"href":"https:\/\/levessa.shop\/en\/wp-json\/wp\/v2\/product_tag?post=10"}],"curies":[{"name":"wp","href":"https:\/\/api.w.org\/{rel}","templated":true}]}}