{"id":374,"date":"2020-04-09T22:53:24","date_gmt":"2020-04-09T22:53:24","guid":{"rendered":"https:\/\/demos.kadencewp.com\/blocks-store\/my-account\/"},"modified":"2025-05-11T16:52:00","modified_gmt":"2025-05-11T16:52:00","slug":"my-account","status":"publish","type":"page","link":"https:\/\/levessa.shop\/en\/my-account\/","title":{"rendered":"WELCOME TO YOUR LEVESSA ACCOUNT"},"content":{"rendered":"<div data-elementor-type=\"wp-page\" data-elementor-id=\"374\" class=\"elementor elementor-374\">\n\t\t\t\t<div class=\"elementor-element elementor-element-6f3eec99 e-flex e-con-boxed e-con e-parent\" data-id=\"6f3eec99\" data-element_type=\"container\">\n\t\t\t\t\t<div class=\"e-con-inner\">\n\t\t\t\t<div class=\"elementor-element elementor-element-96f223d elementor-widget__width-initial elementor-widget elementor-widget-html\" data-id=\"96f223d\" data-element_type=\"widget\" data-widget_type=\"html.default\">\n\t\t\t\t<div class=\"elementor-widget-container\">\n\t\t\t\t\t<div id=\"web3-login\">\r\n  <button onclick=\"connectWallet()\" title=\"Zaloguj si\u0119 przez MetaMask\"\r\n    style=\"padding:10px;background:linear-gradient(135deg,#000,#f5c100);border:2px solid #f5c100;border-radius:50%;cursor:pointer;box-shadow:0 0 8px rgba(245,193,0,0.5);\">\r\n    <img decoding=\"async\" src=\"https:\/\/upload.wikimedia.org\/wikipedia\/commons\/3\/36\/MetaMask_Fox.svg\" alt=\"MetaMask\"\r\n      style=\"width:28px;height:28px;\"\/>\r\n  <\/button>\r\n<\/div>\r\n\r\n<script>\r\n  async function connectWallet() {\r\n    if (typeof window.ethereum !== 'undefined') {\r\n      try {\r\n        const accounts = await window.ethereum.request({ method: 'eth_requestAccounts' });\r\n        alert(\"Po\u0142\u0105czono z: \" + accounts[0]);\r\n\r\n        \/\/ Tu mo\u017cna doda\u0107 AJAX do WooCommerce, np. przypisa\u0107 adres do konta u\u017cytkownika\r\n        \/\/ console.log(\"Wallet connected:\", accounts[0]);\r\n      } catch (error) {\r\n        alert(\"Po\u0142\u0105czenie odrzucone.\");\r\n      }\r\n    } else {\r\n      alert(\"Zainstaluj MetaMask, aby si\u0119 po\u0142\u0105czy\u0107.\");\r\n    }\r\n  }\r\n<\/script>\r\n\t\t\t\t<\/div>\n\t\t\t\t<\/div>\n\t\t\t\t<div class=\"elementor-element elementor-element-518adb1e elementor-widget elementor-widget-text-editor\" data-id=\"518adb1e\" data-element_type=\"widget\" data-widget_type=\"text-editor.default\">\n\t\t\t\t<div class=\"elementor-widget-container\">\n\t\t\t\t\t\t\t\t\t<div class=\"woocommerce\">\n<div class=\"woocommerce-notices-wrapper\"><\/div>\n<h2 data-no-translation=\"\" data-trp-gettext=\"\">Login<\/h2>\n<form class=\"woocommerce-form woocommerce-form-login login\" method=\"post\" novalidate action=\"\">\n<p class=\"woocommerce-form-row woocommerce-form-row--wide form-row form-row-wide\">\n\t\t\t\t<label for=\"username\">Username or email address&nbsp;<span class=\"required\" aria-hidden=\"true\">*<\/span><span class=\"screen-reader-text\" data-no-translation=\"\" data-trp-gettext=\"\">Required<\/span><\/label><br \/>\n\t\t\t\t<input type=\"text\" class=\"woocommerce-Input woocommerce-Input--text input-text\" name=\"username\" id=\"username\" autocomplete=\"username\" value=\"\" required aria-required=\"true\" \/>\t\t\t<\/p>\n<p class=\"woocommerce-form-row woocommerce-form-row--wide form-row form-row-wide\">\n\t\t\t\t<label for=\"password\">Password&nbsp;<span class=\"required\" aria-hidden=\"true\">*<\/span><span class=\"screen-reader-text\" data-no-translation=\"\" data-trp-gettext=\"\">Required<\/span><\/label><br \/>\n\t\t\t\t<input class=\"woocommerce-Input woocommerce-Input--text input-text\" type=\"password\" name=\"password\" id=\"password\" autocomplete=\"current-password\" required aria-required=\"true\" \/>\n\t\t\t<\/p>\n<p class=\"form-row\">\n\t\t\t\t<label class=\"woocommerce-form__label woocommerce-form__label-for-checkbox woocommerce-form-login__rememberme\"><br \/>\n\t\t\t\t\t<input class=\"woocommerce-form__input woocommerce-form__input-checkbox\" name=\"rememberme\" type=\"checkbox\" id=\"rememberme\" value=\"forever\" \/> <span data-no-translation=\"\" data-trp-gettext=\"\">Remember me<\/span><br \/>\n\t\t\t\t<\/label><br \/>\n\t\t\t\t<input type=\"hidden\" id=\"woocommerce-login-nonce\" name=\"woocommerce-login-nonce\" value=\"0a9364c82f\" \/><input type=\"hidden\" name=\"_wp_http_referer\" value=\"\/en\/wp-json\/wp\/v2\/pages\/374\" \/>\t\t\t\t<button type=\"submit\" class=\"woocommerce-button button woocommerce-form-login__submit\" name=\"login\" value=\"Log in\" data-no-translation=\"\" data-trp-gettext=\"\" data-no-translation-value=\"\">Log in<\/button>\n\t\t\t<\/p>\n<p class=\"woocommerce-LostPassword lost_password\">\n\t\t\t\t<a href=\"https:\/\/levessa.shop\/en\/my-account\/lost-password\/\" data-no-translation=\"\" data-trp-gettext=\"\">Lost your password?<\/a>\n\t\t\t<\/p>\n<input type=\"hidden\" name=\"trp-form-language\" value=\"en\"\/><\/form>\n<\/div>\n\n\n\n<p><\/p>\n\n\n\n<\/div><\/div><\/div><\/div><\/div> <a href=\"https:\/\/levessa.shop\/en\/my-account\/#more-374\" class=\"more-link elementor-more-link\"><span aria-label=\"Continue reading WELCOME TO YOUR LEVESSA ACCOUNT\">(more&hellip;)<\/span><\/a>","protected":false},"excerpt":{"rendered":"","protected":false},"author":1,"featured_media":0,"parent":0,"menu_order":0,"comment_status":"closed","ping_status":"closed","template":"","meta":{"_kadence_starter_templates_imported_post":true,"footnotes":""},"class_list":["post-374","page","type-page","status-publish","hentry"],"aioseo_notices":[],"_links":{"self":[{"href":"https:\/\/levessa.shop\/en\/wp-json\/wp\/v2\/pages\/374","targetHints":{"allow":["GET"]}}],"collection":[{"href":"https:\/\/levessa.shop\/en\/wp-json\/wp\/v2\/pages"}],"about":[{"href":"https:\/\/levessa.shop\/en\/wp-json\/wp\/v2\/types\/page"}],"author":[{"embeddable":true,"href":"https:\/\/levessa.shop\/en\/wp-json\/wp\/v2\/users\/1"}],"replies":[{"embeddable":true,"href":"https:\/\/levessa.shop\/en\/wp-json\/wp\/v2\/comments?post=374"}],"version-history":[{"count":11,"href":"https:\/\/levessa.shop\/en\/wp-json\/wp\/v2\/pages\/374\/revisions"}],"predecessor-version":[{"id":10158,"href":"https:\/\/levessa.shop\/en\/wp-json\/wp\/v2\/pages\/374\/revisions\/10158"}],"wp:attachment":[{"href":"https:\/\/levessa.shop\/en\/wp-json\/wp\/v2\/media?parent=374"}],"curies":[{"name":"wp","href":"https:\/\/api.w.org\/{rel}","templated":true}]}}